{"id":616,"date":"2022-04-11T12:15:04","date_gmt":"2022-04-11T12:15:04","guid":{"rendered":"https:\/\/sevenart.ma\/shop\/?post_type=product&#038;p=616"},"modified":"2022-04-11T12:16:13","modified_gmt":"2022-04-11T12:16:13","slug":"mug-pistache-coeur-imprime-avec-votre-photo-personnalise","status":"publish","type":"product","link":"http:\/\/sevenart.ma\/shop\/?product=mug-pistache-coeur-imprime-avec-votre-photo-personnalise","title":{"rendered":"Mug pistache coeur imprim\u00e9 avec votre photo Personnalis\u00e9"},"content":{"rendered":"<p><strong>Mug pistache coeur imprim\u00e9 avec votre photo Personnalis\u00e9<\/strong><\/p>\n<p>Mug pistache coeur personnalis\u00e9 avec votre photo personnelle<br \/>\nChoisissez l&#8217;effet que vous aimez pour votre image, nous l\u2019imprimerons pour vous sur l\u2019un de nos produits.<\/p>\n<p>&nbsp;<\/p>\n","protected":false},"excerpt":{"rendered":"<p>Mug pistache coeur personnalis\u00e9 avec votre photo personnelle<br \/>\nChoisissez l&#8217;effet que vous aimez pour votre image, nous l\u2019imprimerons pour vous sur l\u2019un de nos produits.<\/p>\n","protected":false},"featured_media":604,"comment_status":"open","ping_status":"closed","template":"","meta":[],"product_cat":[33,36],"product_tag":[],"class_list":{"0":"post-616","1":"product","2":"type-product","3":"status-publish","4":"has-post-thumbnail","6":"product_cat-accessoires","7":"product_cat-mug","8":"tm-has-options","10":"first","11":"instock","12":"shipping-taxable","13":"purchasable","14":"product-type-simple"},"_links":{"self":[{"href":"http:\/\/sevenart.ma\/shop\/index.php?rest_route=\/wp\/v2\/product\/616","targetHints":{"allow":["GET"]}}],"collection":[{"href":"http:\/\/sevenart.ma\/shop\/index.php?rest_route=\/wp\/v2\/product"}],"about":[{"href":"http:\/\/sevenart.ma\/shop\/index.php?rest_route=\/wp\/v2\/types\/product"}],"replies":[{"embeddable":true,"href":"http:\/\/sevenart.ma\/shop\/index.php?rest_route=%2Fwp%2Fv2%2Fcomments&post=616"}],"wp:featuredmedia":[{"embeddable":true,"href":"http:\/\/sevenart.ma\/shop\/index.php?rest_route=\/wp\/v2\/media\/604"}],"wp:attachment":[{"href":"http:\/\/sevenart.ma\/shop\/index.php?rest_route=%2Fwp%2Fv2%2Fmedia&parent=616"}],"wp:term":[{"taxonomy":"product_cat","embeddable":true,"href":"http:\/\/sevenart.ma\/shop\/index.php?rest_route=%2Fwp%2Fv2%2Fproduct_cat&post=616"},{"taxonomy":"product_tag","embeddable":true,"href":"http:\/\/sevenart.ma\/shop\/index.php?rest_route=%2Fwp%2Fv2%2Fproduct_tag&post=616"}],"curies":[{"name":"wp","href":"https:\/\/api.w.org\/{rel}","templated":true}]}}